{"id":1851,"date":"2020-01-26T17:30:23","date_gmt":"2020-01-26T16:30:23","guid":{"rendered":"https:\/\/www.minigolfamstelpark.nl\/a\/?page_id=1851"},"modified":"2020-05-26T09:26:05","modified_gmt":"2020-05-26T08:26:05","slug":"haeufig-gestellte-fragen","status":"publish","type":"page","link":"https:\/\/minigolfamstelpark.nl\/de\/haeufig-gestellte-fragen\/","title":{"rendered":"H\u00e4ufig gestellte Fragen"},"content":{"rendered":"<p><div class=\"fusion-fullwidth fullwidth-box fusion-builder-row-1 nonhundred-percent-fullwidth non-hundred-percent-height-scrolling fusion-equal-height-columns\" style=\"--awb-border-radius-top-left:0px;--awb-border-radius-top-right:0px;--awb-border-radius-bottom-right:0px;--awb-border-radius-bottom-left:0px;--awb-padding-top:20px;--awb-padding-right:15px;--awb-padding-bottom:0px;--awb-padding-left:15px;--awb-margin-top:0px;--awb-margin-bottom:0px;--awb-background-color:#fafaf7;--awb-flex-wrap:wrap;\" ><div class=\"fusion-builder-row fusion-row\"><div class=\"fusion-layout-column fusion_builder_column fusion-builder-column-0 fusion_builder_column_1_1 1_1 fusion-one-full fusion-column-first fusion-column-last fusion-animated\" style=\"--awb-padding-right:15px;--awb-padding-left:15px;--awb-overflow:hidden;--awb-bg-color:#ffffff;--awb-bg-color-hover:#ffffff;--awb-bg-size:cover;--awb-border-color:#2a99a5;--awb-border-top:1px;--awb-border-right:1px;--awb-border-bottom:1px;--awb-border-left:1px;--awb-border-style:solid;--awb-border-radius:15px 15px 15px 15px;--awb-margin-bottom:20px;\" data-animationType=\"slideInRight\" data-animationDuration=\"1.0\" data-animationOffset=\"top-into-view\"><div class=\"fusion-column-wrapper fusion-column-has-shadow fusion-flex-column-wrapper-legacy\"><div class=\"fusion-sep-clear\"><\/div><div class=\"fusion-separator\" style=\"margin-left: auto;margin-right: auto;margin-top:20px;margin-bottom:0px;width:100%;max-width:70%;\"><\/div><div class=\"fusion-sep-clear\"><\/div><div class=\"fusion-title title fusion-title-1 fusion-sep-none fusion-title-center fusion-title-text fusion-title-size-one\" style=\"--awb-text-color:#2a99a5;--awb-margin-bottom:10px;--awb-margin-top-small:0px;--awb-margin-right-small:0px;--awb-margin-bottom-small:20px;--awb-margin-left-small:0px;\"><h1 class=\"fusion-title-heading title-heading-center fusion-responsive-typography-calculated\" style=\"margin:0;--fontSize:30;line-height:1.4;\">H\u00e4ufig gestellte Fragen<\/h1><\/div><div class=\"fusion-sep-clear\"><\/div><div class=\"fusion-separator fusion-full-width-sep\" style=\"margin-left: auto;margin-right: auto;margin-top:30px;width:100%;\"><div class=\"fusion-separator-border sep-single\" style=\"--awb-height:20px;--awb-amount:20px;border-color:#e0dede;border-top-width:0px;\"><\/div><\/div><div class=\"fusion-sep-clear\"><\/div><div class=\"accordian fusion-accordian\" style=\"--awb-border-size:0px;--awb-icon-size:24px;--awb-content-font-size:16px;--awb-icon-alignment:left;--awb-hover-color:#f9f9f9;--awb-border-color:#cccccc;--awb-background-color:#ffffff;--awb-divider-color:#e0dede;--awb-divider-hover-color:#e0dede;--awb-icon-color:#189050;--awb-title-color:#2a99a5;--awb-content-color:#003b63;--awb-icon-box-color:#607d8b;--awb-toggle-hover-accent-color:#333333;--awb-title-font-family:&#039;MS Sans Serif&#039;, Geneva, sans-serif;--awb-title-font-weight:400;--awb-title-font-style:normal;--awb-title-font-size:18px;--awb-title-letter-spacing:1px;--awb-title-line-height:1.88;--awb-content-font-family:&#039;MS Sans Serif&#039;, Geneva, sans-serif;--awb-content-font-style:normal;--awb-content-font-weight:400;\"><div class=\"panel-group fusion-toggle-icon-unboxed\" id=\"accordion-1851-1\"><div class=\"fusion-panel panel-default panel-64279865087760994 fusion-toggle-has-divider\"><div class=\"panel-heading\"><h4 class=\"panel-title toggle\" id=\"toggle_64279865087760994\"><a aria-expanded=\"false\" aria-controls=\"64279865087760994\" role=\"button\" data-toggle=\"collapse\" data-parent=\"#accordion-1851-1\" data-target=\"#64279865087760994\" href=\"#64279865087760994\"><span class=\"fusion-toggle-icon-wrapper\" aria-hidden=\"true\"><i class=\"fa-fusion-box active-icon awb-icon-minus\" aria-hidden=\"true\"><\/i><i class=\"fa-fusion-box inactive-icon awb-icon-plus\" aria-hidden=\"true\"><\/i><\/span><span class=\"fusion-toggle-heading\">Fragen \/ Minigolfplatz<\/span><\/a><\/h4><\/div><div id=\"64279865087760994\" class=\"panel-collapse collapse \" aria-labelledby=\"toggle_64279865087760994\"><div class=\"panel-body toggle-content fusion-clearfix\">\n<p><strong>Ab welchem \u200b\u200bAlter kann man Minigolf spielen?<\/strong><br \/>\n&#8211; <em>Ab dem 4. Lebensjahr (mit speziellen Kinderst\u00f6cken) kann ein Kind bereits gut mitmachen. Minigolf ist eine unterhaltsame Sportaktivit\u00e4t f\u00fcr Jung und Alt.<\/em><\/p>\n<p><strong>Wie lange dauert eine Runde Minigolf?<\/strong><br \/>\n<em>&#8211; Zwischen eineinhalb Stunden arbeiten Sie an 18 L\u00f6chern Minigolf.<\/em><\/p>\n<p><strong>Sind Hunde erlaubt?<\/strong><br \/>\n&#8211; <em>Nat\u00fcrlich d\u00fcrfen Hunde mitkommen, wenn sie rausgelassen und an der Leine gef\u00fchrt werden.<\/em><\/p>\n<p><strong>Muss ich eine Reservierung vornehmen, um nur Minigolf zu spielen?<\/strong><br \/>\n<em>&#8211; F\u00fcr kleine Gruppen mit weniger als 10 Personen ist keine Reservierung erforderlich, die Gruppe mit mehr als 10 Personen ist erforderlich.<\/em><\/p>\n<p><strong>Wenn ich eine Vereinbarung treffen m\u00f6chte, muss ich eine Reservierung vornehmen?<\/strong><br \/>\n<em>&#8211; Arrangements sind von 6 Personen und Reservierung ist erforderlich.<\/em><\/p>\n<p><strong>Bist du auch bei schlechtem Wetter ge\u00f6ffnet?<\/strong><br \/>\n<em>&#8211; Ja, wir haben zu unseren \u00d6ffnungszeiten ge\u00f6ffnet, es kann bei Ihnen regnen, aber bei uns kann es trocken sein.<\/em><\/p>\n<p><strong>Kann ich auch einfach auf den Minigolfpl\u00e4tzen laufen, ohne zu spielen?<\/strong><br \/>\n<em>&#8211; Nein, Laufen ist nicht erlaubt, nur Spieler sind auf unseren Pl\u00e4tzen.<\/em><\/p>\n<p><strong>D\u00fcrfen Sie Ihre eigenen Speisen und Getr\u00e4nke mitbringen?<\/strong><br \/>\n<em>&#8211; Nein, unsere eigenen Sachen sind nicht erlaubt, im Rest des Parks aber!<\/em><\/p>\n<p><strong>Wenn es regnet, k\u00f6nnen wir stornieren und sind damit Kosten verbunden?<\/strong><br \/>\n<em>&#8211; Bei Regen k\u00f6nnen Sie am selben Tag kostenlos stornieren!<\/em><\/p>\n<p><strong>Ist eine Allergenkarte vorhanden?<\/strong><br \/>\n<em>&#8211; Ja, auf unserer Terrasse k\u00f6nnen Sie nach unserer Karte fragen, auf unserer Website k\u00f6nnen Sie auf unser Men\u00fc klicken und Sie werden sofort die Allergene sehen.<\/em><\/p>\n<p><strong>Muss ich bar bezahlen oder kann ich mit EC-Karte bezahlen?<\/strong><br \/>\n&#8211; Sie k\u00f6nnen sowohl bar als auch mit Pin bezahlen.<\/p>\n<\/div><\/div><\/div><div class=\"fusion-panel panel-default panel-08eb9f4b6108390b5 fusion-toggle-has-divider\"><div class=\"panel-heading\"><h4 class=\"panel-title toggle\" id=\"toggle_08eb9f4b6108390b5\"><a aria-expanded=\"false\" aria-controls=\"08eb9f4b6108390b5\" role=\"button\" data-toggle=\"collapse\" data-parent=\"#accordion-1851-1\" data-target=\"#08eb9f4b6108390b5\" href=\"#08eb9f4b6108390b5\"><span class=\"fusion-toggle-icon-wrapper\" aria-hidden=\"true\"><i class=\"fa-fusion-box active-icon awb-icon-minus\" aria-hidden=\"true\"><\/i><i class=\"fa-fusion-box inactive-icon awb-icon-plus\" aria-hidden=\"true\"><\/i><\/span><span class=\"fusion-toggle-heading\">Kinderfest<\/span><\/a><\/h4><\/div><div id=\"08eb9f4b6108390b5\" class=\"panel-collapse collapse \" aria-labelledby=\"toggle_08eb9f4b6108390b5\"><div class=\"panel-body toggle-content fusion-clearfix\">\n<p><strong>Wie lange dauert die Kinderbetreuung ungef\u00e4hr?<\/strong><br \/>\n<em>&#8211; Ungef\u00e4hr 2 Stunden!<\/em><\/p>\n<p><strong>K\u00f6nnen wir auch sonntags ein Kinderpaket reservieren?<\/strong><br \/>\n<em>&#8211; Nein, der Sonntag ist unser gesch\u00e4ftigster Tag und nur f\u00fcr Besucher ohne Reservierung. Wir machen keine Kinderpakete.<\/em><\/p>\n<p><span><strong>Warum k\u00f6nnen wir nur ein Kinderpaket f\u00fcr maximal 8 Kinder buchen?<\/strong><br \/>\n<em>&#8211; Die jahrelange Erfahrung hat gezeigt, dass gro\u00dfe Kinderfeste schwer zu spielen sind.<\/em><\/span><\/p>\n<p><strong>Wie viele Eltern \/ Aufsichtspersonen brauchen wir mit einem Kinderpaket?<\/strong><br \/>\n<em>&#8211; Es ist am besten, die Kinder in Gruppen von 4 oder 5 zu teilen, mit einem Elternteil \/ Betreuer in jeder Gruppe.<\/em><\/p>\n<p><strong>Wir haben ein Kinderarrangement reserviert. M\u00fcssen die Betreuer auch bezahlen?<\/strong><br \/>\n<em>&#8211; Nein, die Vorgesetzten m\u00fcssen nicht bezahlen, aber sie sind sicher, dass es ordnungsgem\u00e4\u00df \u00fcberwacht wird!<\/em><\/p>\n<p><strong>Wir haben ein Kinderpaket reserviert und m\u00f6chten es bei Ihnen abholen, bis die Gruppe vollst\u00e4ndig ist. Ist das erlaubt?<\/strong><br \/>\n<em>&#8211; Nein, Sammeln ist am besten vor dem Park und wenn Sie fertig sind, sind Sie herzlich willkommen und wir werden beginnen!<\/em><\/p>\n<p><strong>K\u00f6nnen wir unseren eigenen Kuchen oder Essen und Getr\u00e4nke mitbringen?<\/strong><br \/>\n<em>&#8211; Nein, dein eigener Kuchen oder pers\u00f6nliche Gegenst\u00e4nde sind nicht erlaubt, aber du bist im Rest des Parks erlaubt!<\/em><\/p>\n<p><strong>K\u00f6nnen wir Ihre Geschenke auspacken?<\/strong><br \/>\n<em>&#8211; Nat\u00fcrlich haben wir, wo m\u00f6glich, spezielle Banken.<\/em><\/p>\n<p><strong>Wenn es regnet, k\u00f6nnen wir stornieren und sind damit Kosten verbunden?<\/strong><br \/>\n<em>&#8211; Bei Regen k\u00f6nnen Sie am selben Tag kostenlos stornieren!<\/em><\/p>\n<\/div><\/div><\/div><div class=\"fusion-panel panel-default panel-ebe2935216cf14145 fusion-toggle-has-divider\"><div class=\"panel-heading\"><h4 class=\"panel-title toggle\" id=\"toggle_ebe2935216cf14145\"><a aria-expanded=\"false\" aria-controls=\"ebe2935216cf14145\" role=\"button\" data-toggle=\"collapse\" data-parent=\"#accordion-1851-1\" data-target=\"#ebe2935216cf14145\" href=\"#ebe2935216cf14145\"><span class=\"fusion-toggle-icon-wrapper\" aria-hidden=\"true\"><i class=\"fa-fusion-box active-icon awb-icon-minus\" aria-hidden=\"true\"><\/i><i class=\"fa-fusion-box inactive-icon awb-icon-plus\" aria-hidden=\"true\"><\/i><\/span><span class=\"fusion-toggle-heading\">Gruppenpakete<\/span><\/a><\/h4><\/div><div id=\"ebe2935216cf14145\" class=\"panel-collapse collapse \" aria-labelledby=\"toggle_ebe2935216cf14145\"><div class=\"panel-body toggle-content fusion-clearfix\">\n<p><b>Mit wie vielen Leuten k\u00f6nnen wir Minigolf spielen?<br \/>\n<\/b><em>&#8211; Wir haben Platz auf den Pl\u00e4tzen f\u00fcr 140 Personen!<\/em><\/p>\n<\/div><\/div><\/div><\/div><\/div><div class=\"fusion-clearfix\"><\/div><\/div><\/div><\/div><\/div><div class=\"fusion-fullwidth fullwidth-box fusion-builder-row-2 hundred-percent-fullwidth non-hundred-percent-height-scrolling\" style=\"--awb-border-radius-top-left:0px;--awb-border-radius-top-right:0px;--awb-border-radius-bottom-right:0px;--awb-border-radius-bottom-left:0px;--awb-padding-right:0px;--awb-padding-left:0px;--awb-flex-wrap:wrap;\" ><div class=\"fusion-builder-row fusion-row\"><div class=\"fusion-layout-column fusion_builder_column fusion-builder-column-1 fusion_builder_column_1_1 1_1 fusion-one-full fusion-column-first fusion-column-last\" style=\"--awb-padding-top:0px;--awb-padding-right:0px;--awb-padding-bottom:0px;--awb-padding-left:0px;--awb-bg-size:cover;\"><div class=\"fusion-column-wrapper fusion-column-has-shadow fusion-flex-column-wrapper-legacy\"><div class=\"fusion-image-element fusion-image-align-center in-legacy-container\" style=\"text-align:center;--awb-max-width:1600px;--awb-caption-title-font-family:var(--h2_typography-font-family);--awb-caption-title-font-weight:var(--h2_typography-font-weight);--awb-caption-title-font-style:var(--h2_typography-font-style);--awb-caption-title-size:var(--h2_typography-font-size);--awb-caption-title-transform:var(--h2_typography-text-transform);--awb-caption-title-line-height:var(--h2_typography-line-height);--awb-caption-title-letter-spacing:var(--h2_typography-letter-spacing);\"><div class=\"imageframe-align-center\"><span class=\" fusion-imageframe imageframe-none imageframe-1 hover-type-none\"><img decoding=\"async\" width=\"1600\" height=\"1200\" title=\"Minigolf__0004_10\" src=\"https:\/\/www.minigolfamstelpark.nl\/wp-content\/uploads\/Minigolf__0004_10.jpg\" alt class=\"img-responsive wp-image-809\" srcset=\"https:\/\/minigolfamstelpark.nl\/a\/wp-content\/uploads\/Minigolf__0004_10-200x150.jpg 200w, https:\/\/minigolfamstelpark.nl\/a\/wp-content\/uploads\/Minigolf__0004_10-400x300.jpg 400w, https:\/\/minigolfamstelpark.nl\/a\/wp-content\/uploads\/Minigolf__0004_10-600x450.jpg 600w, https:\/\/minigolfamstelpark.nl\/a\/wp-content\/uploads\/Minigolf__0004_10-800x600.jpg 800w, https:\/\/minigolfamstelpark.nl\/a\/wp-content\/uploads\/Minigolf__0004_10-1200x900.jpg 1200w, https:\/\/minigolfamstelpark.nl\/a\/wp-content\/uploads\/Minigolf__0004_10.jpg 1600w\" sizes=\"(max-width: 900px) 100vw, 1200px\" \/><\/span><\/div><\/div><div class=\"fusion-clearfix\"><\/div><\/div><\/div><\/div><\/div><\/p>\n","protected":false},"excerpt":{"rendered":"","protected":false},"author":1,"featured_media":2332,"parent":0,"menu_order":0,"comment_status":"closed","ping_status":"closed","template":"100-width.php","meta":{"_monsterinsights_skip_tracking":false,"_monsterinsights_sitenote_active":false,"_monsterinsights_sitenote_note":"","_monsterinsights_sitenote_category":0,"footnotes":""},"class_list":["post-1851","page","type-page","status-publish","has-post-thumbnail","hentry"],"yoast_head":"<!-- This site is optimized with the Yoast SEO plugin v24.7 - https:\/\/yoast.com\/wordpress\/plugins\/seo\/ -->\n<title>H\u00e4ufig gestellte Fragen - Minigolf en Pannenkoekenrestaurant Amstelpark<\/title>\n<meta name=\"description\" content=\"Auf dieser Seite finden Sie die am h\u00e4ufigsten gestellten Fragen,Bereite deinen Besuch vor!\" \/>\n<meta name=\"robots\" content=\"index, follow, max-snippet:-1, max-image-preview:large, max-video-preview:-1\" \/>\n<link rel=\"canonical\" href=\"https:\/\/minigolfamstelpark.nl\/veelgestelde-vragen\/\" \/>\n<meta property=\"og:locale\" content=\"de_DE\" \/>\n<meta property=\"og:type\" content=\"article\" \/>\n<meta property=\"og:title\" content=\"H\u00e4ufig gestellte Fragen - Minigolf en Pannenkoekenrestaurant Amstelpark\" \/>\n<meta property=\"og:description\" content=\"Auf dieser Seite finden Sie die am h\u00e4ufigsten gestellten Fragen,Bereite deinen Besuch vor!\" \/>\n<meta property=\"og:url\" content=\"https:\/\/minigolfamstelpark.nl\/veelgestelde-vragen\/\" \/>\n<meta property=\"og:site_name\" content=\"Minigolf en Pannenkoekenrestaurant Amstelpark\" \/>\n<meta property=\"article:publisher\" content=\"https:\/\/www.facebook.com\/midgetgolf\/\" \/>\n<meta property=\"article:modified_time\" content=\"2020-05-26T08:26:05+00:00\" \/>\n<meta property=\"og:image\" content=\"https:\/\/minigolfamstelpark.nl\/a\/wp-content\/uploads\/Minigolf-amstelpark-logo-a.jpg\" \/>\n\t<meta property=\"og:image:width\" content=\"420\" \/>\n\t<meta property=\"og:image:height\" content=\"420\" \/>\n\t<meta property=\"og:image:type\" content=\"image\/jpeg\" \/>\n<meta name=\"twitter:card\" content=\"summary_large_image\" \/>\n<meta name=\"twitter:label1\" content=\"Gesch\u00e4tzte Lesezeit\" \/>\n\t<meta name=\"twitter:data1\" content=\"7\u00a0Minuten\" \/>\n<script type=\"application\/ld+json\" class=\"yoast-schema-graph\">{\"@context\":\"https:\/\/schema.org\",\"@graph\":[{\"@type\":\"WebPage\",\"@id\":\"https:\/\/minigolfamstelpark.nl\/veelgestelde-vragen\/\",\"url\":\"https:\/\/minigolfamstelpark.nl\/veelgestelde-vragen\/\",\"name\":\"H\u00e4ufig gestellte Fragen - Minigolf en Pannenkoekenrestaurant Amstelpark\",\"isPartOf\":{\"@id\":\"https:\/\/minigolfamstelpark.nl\/#website\"},\"primaryImageOfPage\":{\"@id\":\"https:\/\/minigolfamstelpark.nl\/veelgestelde-vragen\/#primaryimage\"},\"image\":{\"@id\":\"https:\/\/minigolfamstelpark.nl\/veelgestelde-vragen\/#primaryimage\"},\"thumbnailUrl\":\"https:\/\/minigolfamstelpark.nl\/a\/wp-content\/uploads\/Minigolf-amstelpark-logo-a.jpg\",\"datePublished\":\"2020-01-26T16:30:23+00:00\",\"dateModified\":\"2020-05-26T08:26:05+00:00\",\"description\":\"Auf dieser Seite finden Sie die am h\u00e4ufigsten gestellten Fragen,Bereite deinen Besuch vor!\",\"breadcrumb\":{\"@id\":\"https:\/\/minigolfamstelpark.nl\/veelgestelde-vragen\/#breadcrumb\"},\"inLanguage\":\"de\",\"potentialAction\":[{\"@type\":\"ReadAction\",\"target\":[\"https:\/\/minigolfamstelpark.nl\/veelgestelde-vragen\/\"]}]},{\"@type\":\"ImageObject\",\"inLanguage\":\"de\",\"@id\":\"https:\/\/minigolfamstelpark.nl\/veelgestelde-vragen\/#primaryimage\",\"url\":\"https:\/\/minigolfamstelpark.nl\/a\/wp-content\/uploads\/Minigolf-amstelpark-logo-a.jpg\",\"contentUrl\":\"https:\/\/minigolfamstelpark.nl\/a\/wp-content\/uploads\/Minigolf-amstelpark-logo-a.jpg\",\"width\":420,\"height\":420},{\"@type\":\"BreadcrumbList\",\"@id\":\"https:\/\/minigolfamstelpark.nl\/veelgestelde-vragen\/#breadcrumb\",\"itemListElement\":[{\"@type\":\"ListItem\",\"position\":1,\"name\":\"Home\",\"item\":\"https:\/\/minigolfamstelpark.nl\/de\/\"},{\"@type\":\"ListItem\",\"position\":2,\"name\":\"H\u00e4ufig gestellte Fragen\"}]},{\"@type\":\"WebSite\",\"@id\":\"https:\/\/minigolfamstelpark.nl\/#website\",\"url\":\"https:\/\/minigolfamstelpark.nl\/\",\"name\":\"Minigolf en Pannenkoekenrestaurant Amstelpark\",\"description\":\"Een gezellig uitje in het mooiste park van Amsterdam\",\"publisher\":{\"@id\":\"https:\/\/minigolfamstelpark.nl\/#organization\"},\"potentialAction\":[{\"@type\":\"SearchAction\",\"target\":{\"@type\":\"EntryPoint\",\"urlTemplate\":\"https:\/\/minigolfamstelpark.nl\/?s={search_term_string}\"},\"query-input\":{\"@type\":\"PropertyValueSpecification\",\"valueRequired\":true,\"valueName\":\"search_term_string\"}}],\"inLanguage\":\"de\"},{\"@type\":\"Organization\",\"@id\":\"https:\/\/minigolfamstelpark.nl\/#organization\",\"name\":\"Minigolf Amstelpark\",\"url\":\"https:\/\/minigolfamstelpark.nl\/\",\"logo\":{\"@type\":\"ImageObject\",\"inLanguage\":\"de\",\"@id\":\"https:\/\/minigolfamstelpark.nl\/#\/schema\/logo\/image\/\",\"url\":\"https:\/\/www.minigolfamstelpark.nl\/a\/wp-content\/uploads\/Minigolf-amstelpark-logo-slide.png\",\"contentUrl\":\"https:\/\/www.minigolfamstelpark.nl\/a\/wp-content\/uploads\/Minigolf-amstelpark-logo-slide.png\",\"width\":400,\"height\":294,\"caption\":\"Minigolf Amstelpark\"},\"image\":{\"@id\":\"https:\/\/minigolfamstelpark.nl\/#\/schema\/logo\/image\/\"},\"sameAs\":[\"https:\/\/www.facebook.com\/midgetgolf\/\",\"https:\/\/www.instagram.com\/midgetgolf_amstelpark\/\"]}]}<\/script>\n<!-- \/ Yoast SEO plugin. -->","yoast_head_json":{"title":"H\u00e4ufig gestellte Fragen - Minigolf en Pannenkoekenrestaurant Amstelpark","description":"Auf dieser Seite finden Sie die am h\u00e4ufigsten gestellten Fragen,Bereite deinen Besuch vor!","robots":{"index":"index","follow":"follow","max-snippet":"max-snippet:-1","max-image-preview":"max-image-preview:large","max-video-preview":"max-video-preview:-1"},"canonical":"https:\/\/minigolfamstelpark.nl\/veelgestelde-vragen\/","og_locale":"de_DE","og_type":"article","og_title":"H\u00e4ufig gestellte Fragen - Minigolf en Pannenkoekenrestaurant Amstelpark","og_description":"Auf dieser Seite finden Sie die am h\u00e4ufigsten gestellten Fragen,Bereite deinen Besuch vor!","og_url":"https:\/\/minigolfamstelpark.nl\/veelgestelde-vragen\/","og_site_name":"Minigolf en Pannenkoekenrestaurant Amstelpark","article_publisher":"https:\/\/www.facebook.com\/midgetgolf\/","article_modified_time":"2020-05-26T08:26:05+00:00","og_image":[{"width":420,"height":420,"url":"https:\/\/minigolfamstelpark.nl\/a\/wp-content\/uploads\/Minigolf-amstelpark-logo-a.jpg","type":"image\/jpeg"}],"twitter_card":"summary_large_image","twitter_misc":{"Gesch\u00e4tzte Lesezeit":"7\u00a0Minuten"},"schema":{"@context":"https:\/\/schema.org","@graph":[{"@type":"WebPage","@id":"https:\/\/minigolfamstelpark.nl\/veelgestelde-vragen\/","url":"https:\/\/minigolfamstelpark.nl\/veelgestelde-vragen\/","name":"H\u00e4ufig gestellte Fragen - Minigolf en Pannenkoekenrestaurant Amstelpark","isPartOf":{"@id":"https:\/\/minigolfamstelpark.nl\/#website"},"primaryImageOfPage":{"@id":"https:\/\/minigolfamstelpark.nl\/veelgestelde-vragen\/#primaryimage"},"image":{"@id":"https:\/\/minigolfamstelpark.nl\/veelgestelde-vragen\/#primaryimage"},"thumbnailUrl":"https:\/\/minigolfamstelpark.nl\/a\/wp-content\/uploads\/Minigolf-amstelpark-logo-a.jpg","datePublished":"2020-01-26T16:30:23+00:00","dateModified":"2020-05-26T08:26:05+00:00","description":"Auf dieser Seite finden Sie die am h\u00e4ufigsten gestellten Fragen,Bereite deinen Besuch vor!","breadcrumb":{"@id":"https:\/\/minigolfamstelpark.nl\/veelgestelde-vragen\/#breadcrumb"},"inLanguage":"de","potentialAction":[{"@type":"ReadAction","target":["https:\/\/minigolfamstelpark.nl\/veelgestelde-vragen\/"]}]},{"@type":"ImageObject","inLanguage":"de","@id":"https:\/\/minigolfamstelpark.nl\/veelgestelde-vragen\/#primaryimage","url":"https:\/\/minigolfamstelpark.nl\/a\/wp-content\/uploads\/Minigolf-amstelpark-logo-a.jpg","contentUrl":"https:\/\/minigolfamstelpark.nl\/a\/wp-content\/uploads\/Minigolf-amstelpark-logo-a.jpg","width":420,"height":420},{"@type":"BreadcrumbList","@id":"https:\/\/minigolfamstelpark.nl\/veelgestelde-vragen\/#breadcrumb","itemListElement":[{"@type":"ListItem","position":1,"name":"Home","item":"https:\/\/minigolfamstelpark.nl\/de\/"},{"@type":"ListItem","position":2,"name":"H\u00e4ufig gestellte Fragen"}]},{"@type":"WebSite","@id":"https:\/\/minigolfamstelpark.nl\/#website","url":"https:\/\/minigolfamstelpark.nl\/","name":"Minigolf en Pannenkoekenrestaurant Amstelpark","description":"Een gezellig uitje in het mooiste park van Amsterdam","publisher":{"@id":"https:\/\/minigolfamstelpark.nl\/#organization"},"potentialAction":[{"@type":"SearchAction","target":{"@type":"EntryPoint","urlTemplate":"https:\/\/minigolfamstelpark.nl\/?s={search_term_string}"},"query-input":{"@type":"PropertyValueSpecification","valueRequired":true,"valueName":"search_term_string"}}],"inLanguage":"de"},{"@type":"Organization","@id":"https:\/\/minigolfamstelpark.nl\/#organization","name":"Minigolf Amstelpark","url":"https:\/\/minigolfamstelpark.nl\/","logo":{"@type":"ImageObject","inLanguage":"de","@id":"https:\/\/minigolfamstelpark.nl\/#\/schema\/logo\/image\/","url":"https:\/\/www.minigolfamstelpark.nl\/a\/wp-content\/uploads\/Minigolf-amstelpark-logo-slide.png","contentUrl":"https:\/\/www.minigolfamstelpark.nl\/a\/wp-content\/uploads\/Minigolf-amstelpark-logo-slide.png","width":400,"height":294,"caption":"Minigolf Amstelpark"},"image":{"@id":"https:\/\/minigolfamstelpark.nl\/#\/schema\/logo\/image\/"},"sameAs":["https:\/\/www.facebook.com\/midgetgolf\/","https:\/\/www.instagram.com\/midgetgolf_amstelpark\/"]}]}},"_links":{"self":[{"href":"https:\/\/minigolfamstelpark.nl\/de\/wp-json\/wp\/v2\/pages\/1851","targetHints":{"allow":["GET"]}}],"collection":[{"href":"https:\/\/minigolfamstelpark.nl\/de\/wp-json\/wp\/v2\/pages"}],"about":[{"href":"https:\/\/minigolfamstelpark.nl\/de\/wp-json\/wp\/v2\/types\/page"}],"author":[{"embeddable":true,"href":"https:\/\/minigolfamstelpark.nl\/de\/wp-json\/wp\/v2\/users\/1"}],"replies":[{"embeddable":true,"href":"https:\/\/minigolfamstelpark.nl\/de\/wp-json\/wp\/v2\/comments?post=1851"}],"version-history":[{"count":3,"href":"https:\/\/minigolfamstelpark.nl\/de\/wp-json\/wp\/v2\/pages\/1851\/revisions"}],"predecessor-version":[{"id":2502,"href":"https:\/\/minigolfamstelpark.nl\/de\/wp-json\/wp\/v2\/pages\/1851\/revisions\/2502"}],"wp:featuredmedia":[{"embeddable":true,"href":"https:\/\/minigolfamstelpark.nl\/de\/wp-json\/wp\/v2\/media\/2332"}],"wp:attachment":[{"href":"https:\/\/minigolfamstelpark.nl\/de\/wp-json\/wp\/v2\/media?parent=1851"}],"curies":[{"name":"wp","href":"https:\/\/api.w.org\/{rel}","templated":true}]}}